{"id":4797,"date":"2025-06-11T13:18:30","date_gmt":"2025-06-11T13:18:30","guid":{"rendered":"https:\/\/icelandgoldencircletours.com\/?page_id=4797"},"modified":"2025-07-22T07:04:41","modified_gmt":"2025-07-22T07:04:41","slug":"csoportos-utak-izlandon-magyar-idegenvezetovel","status":"publish","type":"page","link":"https:\/\/icelandgoldencircletours.com\/hu\/csoportos-utak-izlandon-magyar-idegenvezetovel\/","title":{"rendered":"Csoportos utak Izlandon magyar idegenvezet\u0151vel"},"content":{"rendered":"\t\t<div data-elementor-type=\"wp-page\" data-elementor-id=\"4797\" class=\"elementor elementor-4797\">\n\t\t\t\t<div class=\"elementor-element elementor-element-31512eb e-con-full e-flex e-con e-parent\" data-id=\"31512eb\" data-element_type=\"container\" data-e-type=\"container\" data-settings=\"{&quot;background_background&quot;:&quot;classic&quot;}\">\n\t\t\t\t<div class=\"elementor-element elementor-element-e4d0d1f elementor-widget elementor-widget-heading\" data-id=\"e4d0d1f\" data-element_type=\"widget\" data-e-type=\"widget\" data-widget_type=\"heading.default\">\n\t\t\t\t<div class=\"elementor-widget-container\">\n\t\t\t\t\t<h1 class=\"elementor-heading-title elementor-size-default\">Csoportos utak Izlandon magyar idegenvezet\u0151vel<\/h1>\t\t\t\t<\/div>\n\t\t\t\t<\/div>\n\t\t\t\t<\/div>\n\t\t<div class=\"elementor-element elementor-element-50a2fe6 e-flex e-con-boxed e-con e-parent\" data-id=\"50a2fe6\" data-element_type=\"container\" data-e-type=\"container\" data-settings=\"{&quot;background_background&quot;:&quot;classic&quot;,&quot;shape_divider_bottom&quot;:&quot;opacity-tilt&quot;}\">\n\t\t\t\t\t<div class=\"e-con-inner\">\n\t\t\t\t<div class=\"elementor-shape elementor-shape-bottom\" aria-hidden=\"true\" data-negative=\"false\">\n\t\t\t<svg xmlns=\"http:\/\/www.w3.org\/2000\/svg\" viewBox=\"0 0 2600 131.1\" preserveAspectRatio=\"none\">\n\t<path class=\"elementor-shape-fill\" d=\"M0 0L2600 0 2600 69.1 0 0z\"\/>\n\t<path class=\"elementor-shape-fill\" style=\"opacity:0.5\" d=\"M0 0L2600 0 2600 69.1 0 69.1z\"\/>\n\t<path class=\"elementor-shape-fill\" style=\"opacity:0.25\" d=\"M2600 0L0 0 0 130.1 2600 69.1z\"\/>\n<\/svg>\t\t<\/div>\n\t\t\t\t<div class=\"elementor-element elementor-element-8384da9 elementor-view-default elementor-position-block-start elementor-mobile-position-block-start elementor-widget elementor-widget-icon-box\" data-id=\"8384da9\" data-element_type=\"widget\" data-e-type=\"widget\" data-widget_type=\"icon-box.default\">\n\t\t\t\t<div class=\"elementor-widget-container\">\n\t\t\t\t\t\t\t<div class=\"elementor-icon-box-wrapper\">\n\n\t\t\t\t\t\t<div class=\"elementor-icon-box-icon\">\n\t\t\t\t<span  class=\"elementor-icon\">\n\t\t\t\t<svg aria-hidden=\"true\" class=\"e-font-icon-svg e-fas-info-circle\" viewBox=\"0 0 512 512\" xmlns=\"http:\/\/www.w3.org\/2000\/svg\"><path d=\"M256 8C119.043 8 8 119.083 8 256c0 136.997 111.043 248 248 248s248-111.003 248-248C504 119.083 392.957 8 256 8zm0 110c23.196 0 42 18.804 42 42s-18.804 42-42 42-42-18.804-42-42 18.804-42 42-42zm56 254c0 6.627-5.373 12-12 12h-88c-6.627 0-12-5.373-12-12v-24c0-6.627 5.373-12 12-12h12v-64h-12c-6.627 0-12-5.373-12-12v-24c0-6.627 5.373-12 12-12h64c6.627 0 12 5.373 12 12v100h12c6.627 0 12 5.373 12 12v24z\"><\/path><\/svg>\t\t\t\t<\/span>\n\t\t\t<\/div>\n\t\t\t\n\t\t\t\t\t\t<div class=\"elementor-icon-box-content\">\n\n\t\t\t\t\t\t\t\t\t<h2 class=\"elementor-icon-box-title\">\n\t\t\t\t\t\t<span  >\n\t\t\t\t\t\t\tCsoportos utaz\u00e1sok Izlandra magyar idegenvezet\u00e9ssel kedvez\u0151 \u00e1ron, j\u00f3 min\u0151s\u00e9gben a Bono Utaz\u00e1si K\u00f6zpont \u2013 Skandin\u00e1v Utaz\u00e1si K\u00f6zpont szervez\u00e9s\u00e9ben.\t\t\t\t\t\t<\/span>\n\t\t\t\t\t<\/h2>\n\t\t\t\t\n\t\t\t\t\n\t\t\t<\/div>\n\t\t\t\n\t\t<\/div>\n\t\t\t\t\t\t<\/div>\n\t\t\t\t<\/div>\n\t\t\t\t\t<\/div>\n\t\t\t\t<\/div>\n\t\t<div class=\"elementor-element elementor-element-6b48d04 e-flex e-con-boxed e-con e-parent\" data-id=\"6b48d04\" data-element_type=\"container\" data-e-type=\"container\">\n\t\t\t\t\t<div class=\"e-con-inner\">\n\t\t\t\t<div class=\"elementor-element elementor-element-08b1040 elementor-button-info elementor-align-center elementor-widget elementor-widget-button\" data-id=\"08b1040\" data-element_type=\"widget\" data-e-type=\"widget\" data-widget_type=\"button.default\">\n\t\t\t\t<div class=\"elementor-widget-container\">\n\t\t\t\t\t\t\t\t\t<div class=\"elementor-button-wrapper\">\n\t\t\t\t\t<a class=\"elementor-button elementor-button-link elementor-size-sm\" href=\"https:\/\/www.skandinavia.hu\/utak-uti-cel\/izland\" target=\"_blank\">\n\t\t\t\t\t\t<span class=\"elementor-button-content-wrapper\">\n\t\t\t\t\t\t\t\t\t<span class=\"elementor-button-text\">Az aktu\u00e1lis aj\u00e1nlatokhoz kattintson ide<\/span>\n\t\t\t\t\t<\/span>\n\t\t\t\t\t<\/a>\n\t\t\t\t<\/div>\n\t\t\t\t\t\t\t\t<\/div>\n\t\t\t\t<\/div>\n\t\t\t\t\t<\/div>\n\t\t\t\t<\/div>\n\t\t<div class=\"elementor-element elementor-element-c366ab6 e-con-full animated-slow e-flex e-con e-parent\" data-id=\"c366ab6\" data-element_type=\"container\" data-e-type=\"container\" data-settings=\"{&quot;background_background&quot;:&quot;classic&quot;,&quot;shape_divider_top&quot;:&quot;mountains&quot;,&quot;shape_divider_bottom&quot;:&quot;wave-brush&quot;,&quot;animation&quot;:&quot;none&quot;}\">\n\t\t\t\t<div class=\"elementor-shape elementor-shape-top\" aria-hidden=\"true\" data-negative=\"false\">\n\t\t\t<svg xmlns=\"http:\/\/www.w3.org\/2000\/svg\" viewBox=\"0 0 1000 100\" preserveAspectRatio=\"none\">\n\t<path class=\"elementor-shape-fill\" opacity=\"0.33\" d=\"M473,67.3c-203.9,88.3-263.1-34-320.3,0C66,119.1,0,59.7,0,59.7V0h1000v59.7 c0,0-62.1,26.1-94.9,29.3c-32.8,3.3-62.8-12.3-75.8-22.1C806,49.6,745.3,8.7,694.9,4.7S492.4,59,473,67.3z\"\/>\n\t<path class=\"elementor-shape-fill\" opacity=\"0.66\" d=\"M734,67.3c-45.5,0-77.2-23.2-129.1-39.1c-28.6-8.7-150.3-10.1-254,39.1 s-91.7-34.4-149.2,0C115.7,118.3,0,39.8,0,39.8V0h1000v36.5c0,0-28.2-18.5-92.1-18.5C810.2,18.1,775.7,67.3,734,67.3z\"\/>\n\t<path class=\"elementor-shape-fill\" d=\"M766.1,28.9c-200-57.5-266,65.5-395.1,19.5C242,1.8,242,5.4,184.8,20.6C128,35.8,132.3,44.9,89.9,52.5C28.6,63.7,0,0,0,0 h1000c0,0-9.9,40.9-83.6,48.1S829.6,47,766.1,28.9z\"\/>\n<\/svg>\t\t<\/div>\n\t\t\t\t<div class=\"elementor-shape elementor-shape-bottom\" aria-hidden=\"true\" data-negative=\"false\">\n\t\t\t<svg xmlns=\"http:\/\/www.w3.org\/2000\/svg\" viewBox=\"0 0 283.5 27.8\" preserveAspectRatio=\"none\">\n\t<path class=\"elementor-shape-fill\" d=\"M283.5,9.7c0,0-7.3,4.3-14,4.6c-6.8,0.3-12.6,0-20.9-1.5c-11.3-2-33.1-10.1-44.7-5.7\ts-12.1,4.6-18,7.4c-6.6,3.2-20,9.6-36.6,9.3C131.6,23.5,99.5,7.2,86.3,8c-1.4,0.1-6.6,0.8-10.5,2c-3.8,1.2-9.4,3.8-17,4.7\tc-3.2,0.4-8.3,1.1-14.2,0.9c-1.5-0.1-6.3-0.4-12-1.6c-5.7-1.2-11-3.1-15.8-3.7C6.5,9.2,0,10.8,0,10.8V0h283.5V9.7z M260.8,11.3\tc-0.7-1-2-0.4-4.3-0.4c-2.3,0-6.1-1.2-5.8-1.1c0.3,0.1,3.1,1.5,6,1.9C259.7,12.2,261.4,12.3,260.8,11.3z M242.4,8.6\tc0,0-2.4-0.2-5.6-0.9c-3.2-0.8-10.3-2.8-15.1-3.5c-8.2-1.1-15.8,0-15.1,0.1c0.8,0.1,9.6-0.6,17.6,1.1c3.3,0.7,9.3,2.2,12.4,2.7\tC239.9,8.7,242.4,8.6,242.4,8.6z M185.2,8.5c1.7-0.7-13.3,4.7-18.5,6.1c-2.1,0.6-6.2,1.6-10,2c-3.9,0.4-8.9,0.4-8.8,0.5\tc0,0.2,5.8,0.8,11.2,0c5.4-0.8,5.2-1.1,7.6-1.6C170.5,14.7,183.5,9.2,185.2,8.5z M199.1,6.9c0.2,0-0.8-0.4-4.8,1.1\tc-4,1.5-6.7,3.5-6.9,3.7c-0.2,0.1,3.5-1.8,6.6-3C197,7.5,199,6.9,199.1,6.9z M283,6c-0.1,0.1-1.9,1.1-4.8,2.5s-6.9,2.8-6.7,2.7\tc0.2,0,3.5-0.6,7.4-2.5C282.8,6.8,283.1,5.9,283,6z M31.3,11.6c0.1-0.2-1.9-0.2-4.5-1.2s-5.4-1.6-7.8-2C15,7.6,7.3,8.5,7.7,8.6\tC8,8.7,15.9,8.3,20.2,9.3c2.2,0.5,2.4,0.5,5.7,1.6S31.2,11.9,31.3,11.6z M73,9.2c0.4-0.1,3.5-1.6,8.4-2.6c4.9-1.1,8.9-0.5,8.9-0.8\tc0-0.3-1-0.9-6.2-0.3S72.6,9.3,73,9.2z M71.6,6.7C71.8,6.8,75,5.4,77.3,5c2.3-0.3,1.9-0.5,1.9-0.6c0-0.1-1.1-0.2-2.7,0.2\tC74.8,5.1,71.4,6.6,71.6,6.7z M93.6,4.4c0.1,0.2,3.5,0.8,5.6,1.8c2.1,1,1.8,0.6,1.9,0.5c0.1-0.1-0.8-0.8-2.4-1.3\tC97.1,4.8,93.5,4.2,93.6,4.4z M65.4,11.1c-0.1,0.3,0.3,0.5,1.9-0.2s2.6-1.3,2.2-1.2s-0.9,0.4-2.5,0.8C65.3,10.9,65.5,10.8,65.4,11.1\tz M34.5,12.4c-0.2,0,2.1,0.8,3.3,0.9c1.2,0.1,2,0.1,2-0.2c0-0.3-0.1-0.5-1.6-0.4C36.6,12.8,34.7,12.4,34.5,12.4z M152.2,21.1\tc-0.1,0.1-2.4-0.3-7.5-0.3c-5,0-13.6-2.4-17.2-3.5c-3.6-1.1,10,3.9,16.5,4.1C150.5,21.6,152.3,21,152.2,21.1z\"\/>\n\t<path class=\"elementor-shape-fill\" d=\"M269.6,18c-0.1-0.1-4.6,0.3-7.2,0c-7.3-0.7-17-3.2-16.6-2.9c0.4,0.3,13.7,3.1,17,3.3\tC267.7,18.8,269.7,18,269.6,18z\"\/>\n\t<path class=\"elementor-shape-fill\" d=\"M227.4,9.8c-0.2-0.1-4.5-1-9.5-1.2c-5-0.2-12.7,0.6-12.3,0.5c0.3-0.1,5.9-1.8,13.3-1.2\tS227.6,9.9,227.4,9.8z\"\/>\n\t<path class=\"elementor-shape-fill\" d=\"M204.5,13.4c-0.1-0.1,2-1,3.2-1.1c1.2-0.1,2,0,2,0.3c0,0.3-0.1,0.5-1.6,0.4\tC206.4,12.9,204.6,13.5,204.5,13.4z\"\/>\n\t<path class=\"elementor-shape-fill\" d=\"M201,10.6c0-0.1-4.4,1.2-6.3,2.2c-1.9,0.9-6.2,3.1-6.1,3.1c0.1,0.1,4.2-1.6,6.3-2.6\tS201,10.7,201,10.6z\"\/>\n\t<path class=\"elementor-shape-fill\" d=\"M154.5,26.7c-0.1-0.1-4.6,0.3-7.2,0c-7.3-0.7-17-3.2-16.6-2.9c0.4,0.3,13.7,3.1,17,3.3\tC152.6,27.5,154.6,26.8,154.5,26.7z\"\/>\n\t<path class=\"elementor-shape-fill\" d=\"M41.9,19.3c0,0,1.2-0.3,2.9-0.1c1.7,0.2,5.8,0.9,8.2,0.7c4.2-0.4,7.4-2.7,7-2.6\tc-0.4,0-4.3,2.2-8.6,1.9c-1.8-0.1-5.1-0.5-6.7-0.4S41.9,19.3,41.9,19.3z\"\/>\n\t<path class=\"elementor-shape-fill\" d=\"M75.5,12.6c0.2,0.1,2-0.8,4.3-1.1c2.3-0.2,2.1-0.3,2.1-0.5c0-0.1-1.8-0.4-3.4,0\tC76.9,11.5,75.3,12.5,75.5,12.6z\"\/>\n\t<path class=\"elementor-shape-fill\" d=\"M15.6,13.2c0-0.1,4.3,0,6.7,0.5c2.4,0.5,5,1.9,5,2c0,0.1-2.7-0.8-5.1-1.4\tC19.9,13.7,15.7,13.3,15.6,13.2z\"\/>\n<\/svg>\t\t<\/div>\n\t\t\t\t<div class=\"elementor-element elementor-element-6bfab3d elementor-widget elementor-widget-heading\" data-id=\"6bfab3d\" data-element_type=\"widget\" data-e-type=\"widget\" data-widget_type=\"heading.default\">\n\t\t\t\t<div class=\"elementor-widget-container\">\n\t\t\t\t\t<h2 class=\"elementor-heading-title elementor-size-default\">TripAdvisor \u00e9rt\u00e9kel\u00e9s\u00fcnk<\/h2>\t\t\t\t<\/div>\n\t\t\t\t<\/div>\n\t\t\t\t<div class=\"elementor-element elementor-element-e371ecb elementor-widget elementor-widget-heading\" data-id=\"e371ecb\" data-element_type=\"widget\" data-e-type=\"widget\" data-widget_type=\"heading.default\">\n\t\t\t\t<div class=\"elementor-widget-container\">\n\t\t\t\t\t<h2 class=\"elementor-heading-title elementor-size-default\"><a href=\"https:\/\/www.tripadvisor.com\/Attraction_Review-g1093088-d11677709-Reviews-Iceland_Golden_Circle_Tours-Kopavogur_Capital_Region.html\" target=\"_blank\">4.8<\/a><\/h2>\t\t\t\t<\/div>\n\t\t\t\t<\/div>\n\t\t\t\t<div class=\"elementor-element elementor-element-2bbf708 elementor-widget elementor-widget-rating\" data-id=\"2bbf708\" data-element_type=\"widget\" data-e-type=\"widget\" data-widget_type=\"rating.default\">\n\t\t\t\t<div class=\"elementor-widget-container\">\n\t\t\t\t\t\t\t<div class=\"e-rating\" itemtype=\"https:\/\/schema.org\/Rating\" itemscope=\"\" itemprop=\"reviewRating\">\n\t\t\t<meta itemprop=\"worstRating\" content=\"0\">\n\t\t\t<meta itemprop=\"bestRating\" content=\"5\">\n\t\t\t<div class=\"e-rating-wrapper\" itemprop=\"ratingValue\" content=\"4.8\" role=\"img\" aria-label=\"Rated 4.8 out of 5\">\n\t\t\t\t\t\t\t<div class=\"e-icon\">\n\t\t\t\t<div class=\"e-icon-wrapper e-icon-marked\">\n\t\t\t\t\t<svg aria-hidden=\"true\" class=\"e-font-icon-svg e-eicon-star\" viewBox=\"0 0 1000 1000\" xmlns=\"http:\/\/www.w3.org\/2000\/svg\"><path d=\"M450 75L338 312 88 350C46 354 25 417 58 450L238 633 196 896C188 942 238 975 275 954L500 837 725 954C767 975 813 942 804 896L763 633 942 450C975 417 954 358 913 350L663 312 550 75C529 33 471 33 450 75Z\"><\/path><\/svg>\t\t\t\t<\/div>\n\t\t\t\t<div class=\"e-icon-wrapper e-icon-unmarked\">\n\t\t\t\t\t<svg aria-hidden=\"true\" class=\"e-font-icon-svg e-eicon-star\" viewBox=\"0 0 1000 1000\" xmlns=\"http:\/\/www.w3.org\/2000\/svg\"><path d=\"M450 75L338 312 88 350C46 354 25 417 58 450L238 633 196 896C188 942 238 975 275 954L500 837 725 954C767 975 813 942 804 896L763 633 942 450C975 417 954 358 913 350L663 312 550 75C529 33 471 33 450 75Z\"><\/path><\/svg>\t\t\t\t<\/div>\n\t\t\t<\/div>\n\t\t\t\t\t\t<div class=\"e-icon\">\n\t\t\t\t<div class=\"e-icon-wrapper e-icon-marked\">\n\t\t\t\t\t<svg aria-hidden=\"true\" class=\"e-font-icon-svg e-eicon-star\" viewBox=\"0 0 1000 1000\" xmlns=\"http:\/\/www.w3.org\/2000\/svg\"><path d=\"M450 75L338 312 88 350C46 354 25 417 58 450L238 633 196 896C188 942 238 975 275 954L500 837 725 954C767 975 813 942 804 896L763 633 942 450C975 417 954 358 913 350L663 312 550 75C529 33 471 33 450 75Z\"><\/path><\/svg>\t\t\t\t<\/div>\n\t\t\t\t<div class=\"e-icon-wrapper e-icon-unmarked\">\n\t\t\t\t\t<svg aria-hidden=\"true\" class=\"e-font-icon-svg e-eicon-star\" viewBox=\"0 0 1000 1000\" xmlns=\"http:\/\/www.w3.org\/2000\/svg\"><path d=\"M450 75L338 312 88 350C46 354 25 417 58 450L238 633 196 896C188 942 238 975 275 954L500 837 725 954C767 975 813 942 804 896L763 633 942 450C975 417 954 358 913 350L663 312 550 75C529 33 471 33 450 75Z\"><\/path><\/svg>\t\t\t\t<\/div>\n\t\t\t<\/div>\n\t\t\t\t\t\t<div class=\"e-icon\">\n\t\t\t\t<div class=\"e-icon-wrapper e-icon-marked\">\n\t\t\t\t\t<svg aria-hidden=\"true\" class=\"e-font-icon-svg e-eicon-star\" viewBox=\"0 0 1000 1000\" xmlns=\"http:\/\/www.w3.org\/2000\/svg\"><path d=\"M450 75L338 312 88 350C46 354 25 417 58 450L238 633 196 896C188 942 238 975 275 954L500 837 725 954C767 975 813 942 804 896L763 633 942 450C975 417 954 358 913 350L663 312 550 75C529 33 471 33 450 75Z\"><\/path><\/svg>\t\t\t\t<\/div>\n\t\t\t\t<div class=\"e-icon-wrapper e-icon-unmarked\">\n\t\t\t\t\t<svg aria-hidden=\"true\" class=\"e-font-icon-svg e-eicon-star\" viewBox=\"0 0 1000 1000\" xmlns=\"http:\/\/www.w3.org\/2000\/svg\"><path d=\"M450 75L338 312 88 350C46 354 25 417 58 450L238 633 196 896C188 942 238 975 275 954L500 837 725 954C767 975 813 942 804 896L763 633 942 450C975 417 954 358 913 350L663 312 550 75C529 33 471 33 450 75Z\"><\/path><\/svg>\t\t\t\t<\/div>\n\t\t\t<\/div>\n\t\t\t\t\t\t<div class=\"e-icon\">\n\t\t\t\t<div class=\"e-icon-wrapper e-icon-marked\">\n\t\t\t\t\t<svg aria-hidden=\"true\" class=\"e-font-icon-svg e-eicon-star\" viewBox=\"0 0 1000 1000\" xmlns=\"http:\/\/www.w3.org\/2000\/svg\"><path d=\"M450 75L338 312 88 350C46 354 25 417 58 450L238 633 196 896C188 942 238 975 275 954L500 837 725 954C767 975 813 942 804 896L763 633 942 450C975 417 954 358 913 350L663 312 550 75C529 33 471 33 450 75Z\"><\/path><\/svg>\t\t\t\t<\/div>\n\t\t\t\t<div class=\"e-icon-wrapper e-icon-unmarked\">\n\t\t\t\t\t<svg aria-hidden=\"true\" class=\"e-font-icon-svg e-eicon-star\" viewBox=\"0 0 1000 1000\" xmlns=\"http:\/\/www.w3.org\/2000\/svg\"><path d=\"M450 75L338 312 88 350C46 354 25 417 58 450L238 633 196 896C188 942 238 975 275 954L500 837 725 954C767 975 813 942 804 896L763 633 942 450C975 417 954 358 913 350L663 312 550 75C529 33 471 33 450 75Z\"><\/path><\/svg>\t\t\t\t<\/div>\n\t\t\t<\/div>\n\t\t\t\t\t\t<div class=\"e-icon\">\n\t\t\t\t<div class=\"e-icon-wrapper e-icon-marked\" style=\"--e-rating-icon-marked-width: 80%;\">\n\t\t\t\t\t<svg aria-hidden=\"true\" class=\"e-font-icon-svg e-eicon-star\" viewBox=\"0 0 1000 1000\" xmlns=\"http:\/\/www.w3.org\/2000\/svg\"><path d=\"M450 75L338 312 88 350C46 354 25 417 58 450L238 633 196 896C188 942 238 975 275 954L500 837 725 954C767 975 813 942 804 896L763 633 942 450C975 417 954 358 913 350L663 312 550 75C529 33 471 33 450 75Z\"><\/path><\/svg>\t\t\t\t<\/div>\n\t\t\t\t<div class=\"e-icon-wrapper e-icon-unmarked\">\n\t\t\t\t\t<svg aria-hidden=\"true\" class=\"e-font-icon-svg e-eicon-star\" viewBox=\"0 0 1000 1000\" xmlns=\"http:\/\/www.w3.org\/2000\/svg\"><path d=\"M450 75L338 312 88 350C46 354 25 417 58 450L238 633 196 896C188 942 238 975 275 954L500 837 725 954C767 975 813 942 804 896L763 633 942 450C975 417 954 358 913 350L663 312 550 75C529 33 471 33 450 75Z\"><\/path><\/svg>\t\t\t\t<\/div>\n\t\t\t<\/div>\n\t\t\t\t\t\t<\/div>\n\t\t<\/div>\n\t\t\t\t\t\t<\/div>\n\t\t\t\t<\/div>\n\t\t\t\t<\/div>\n\t\t<div class=\"elementor-element elementor-element-a9f27ca e-flex e-con-boxed e-con e-parent\" data-id=\"a9f27ca\" data-element_type=\"container\" data-e-type=\"container\">\n\t\t\t\t\t<div class=\"e-con-inner\">\n\t\t\t\t<div class=\"elementor-element elementor-element-77e4cb1 elementor-widget elementor-widget-text-editor\" data-id=\"77e4cb1\" data-element_type=\"widget\" data-e-type=\"widget\" data-widget_type=\"text-editor.default\">\n\t\t\t\t<div class=\"elementor-widget-container\">\n\t\t\t\t\t\t\t\t\t<p>Izlandi utaz\u00e1si irod\u00e1nk rendelkezik az \u00f6sszes, Izlandon sz\u00fcks\u00e9ges enged\u00e9llyel.<\/p><p><a href=\"http:\/\/icelandgoldencircletours.com\/\">IcelandGoldenCircleTours.com<\/a><br \/>C\u00e9gn\u00e9v: Anna og T\u00f3mas ehf<br \/>C\u00edm: Fannahvarf 4., 203 K\u00f3pavogur<br \/>Telefon: +354\u00a0821 4880<br \/>Kennitala (izlandi c\u00e9gsz\u00e1m): 590115-0290<\/p>\t\t\t\t\t\t\t\t<\/div>\n\t\t\t\t<\/div>\n\t\t\t\t\t<\/div>\n\t\t\t\t<\/div>\n\t\t\t\t<\/div>\n\t\t","protected":false},"excerpt":{"rendered":"<p>Csoportos utak Izlandon magyar idegenvezet\u0151vel Csoportos utaz\u00e1sok Izlandra magyar idegenvezet\u00e9ssel kedvez\u0151 \u00e1ron, j\u00f3 min\u0151s\u00e9gben a Bono Utaz\u00e1si K\u00f6zpont \u2013 Skandin\u00e1v Utaz\u00e1si K\u00f6zpont szervez\u00e9s\u00e9ben. Az aktu\u00e1lis aj\u00e1nlatokhoz kattintson ide TripAdvisor \u00e9rt\u00e9kel\u00e9s\u00fcnk 4.8 Izlandi utaz\u00e1si irod\u00e1nk rendelkezik az \u00f6sszes, Izlandon sz\u00fcks\u00e9ges enged\u00e9llyel. IcelandGoldenCircleTours.comC\u00e9gn\u00e9v: Anna og T\u00f3mas ehfC\u00edm: Fannahvarf 4., 203 K\u00f3pavogurTelefon: +354\u00a0821 4880Kennitala (izlandi c\u00e9gsz\u00e1m): 590115-0290<\/p>\n","protected":false},"author":3,"featured_media":0,"parent":0,"menu_order":0,"comment_status":"closed","ping_status":"closed","template":"elementor_header_footer","meta":{"_acf_changed":false,"footnotes":""},"class_list":["post-4797","page","type-page","status-publish","hentry"],"acf":[],"yoast_head":"<!-- This site is optimized with the Yoast SEO plugin v27.5 - https:\/\/yoast.com\/product\/yoast-seo-wordpress\/ -->\n<title>Csoportos utak Izlandon magyar idegenvezet\u0151vel - Iceland Golden Circle Tours<\/title>\n<meta name=\"robots\" content=\"index, follow, max-snippet:-1, max-image-preview:large, max-video-preview:-1\" \/>\n<link rel=\"canonical\" href=\"https:\/\/icelandgoldencircletours.com\/hu\/csoportos-utak-izlandon-magyar-idegenvezetovel\/\" \/>\n<meta property=\"og:locale\" content=\"hu_HU\" \/>\n<meta property=\"og:type\" content=\"article\" \/>\n<meta property=\"og:title\" content=\"Csoportos utak Izlandon magyar idegenvezet\u0151vel - Iceland Golden Circle Tours\" \/>\n<meta property=\"og:description\" content=\"Csoportos utak Izlandon magyar idegenvezet\u0151vel Csoportos utaz\u00e1sok Izlandra magyar idegenvezet\u00e9ssel kedvez\u0151 \u00e1ron, j\u00f3 min\u0151s\u00e9gben a Bono Utaz\u00e1si K\u00f6zpont \u2013 Skandin\u00e1v Utaz\u00e1si K\u00f6zpont szervez\u00e9s\u00e9ben. Az aktu\u00e1lis aj\u00e1nlatokhoz kattintson ide TripAdvisor \u00e9rt\u00e9kel\u00e9s\u00fcnk 4.8 Izlandi utaz\u00e1si irod\u00e1nk rendelkezik az \u00f6sszes, Izlandon sz\u00fcks\u00e9ges enged\u00e9llyel. IcelandGoldenCircleTours.comC\u00e9gn\u00e9v: Anna og T\u00f3mas ehfC\u00edm: Fannahvarf 4., 203 K\u00f3pavogurTelefon: +354\u00a0821 4880Kennitala (izlandi c\u00e9gsz\u00e1m): 590115-0290\" \/>\n<meta property=\"og:url\" content=\"https:\/\/icelandgoldencircletours.com\/hu\/csoportos-utak-izlandon-magyar-idegenvezetovel\/\" \/>\n<meta property=\"og:site_name\" content=\"Iceland Golden Circle Tours\" \/>\n<meta property=\"article:modified_time\" content=\"2025-07-22T07:04:41+00:00\" \/>\n<meta name=\"twitter:card\" content=\"summary_large_image\" \/>\n<meta name=\"twitter:label1\" content=\"Becs\u00fclt olvas\u00e1si id\u0151\" \/>\n\t<meta name=\"twitter:data1\" content=\"1 perc\" \/>\n<script type=\"application\/ld+json\" class=\"yoast-schema-graph\">{\"@context\":\"https:\\\/\\\/schema.org\",\"@graph\":[{\"@type\":\"WebPage\",\"@id\":\"https:\\\/\\\/icelandgoldencircletours.com\\\/hu\\\/csoportos-utak-izlandon-magyar-idegenvezetovel\\\/\",\"url\":\"https:\\\/\\\/icelandgoldencircletours.com\\\/hu\\\/csoportos-utak-izlandon-magyar-idegenvezetovel\\\/\",\"name\":\"Csoportos utak Izlandon magyar idegenvezet\u0151vel - Iceland Golden Circle Tours\",\"isPartOf\":{\"@id\":\"https:\\\/\\\/icelandgoldencircletours.com\\\/hu\\\/#website\"},\"datePublished\":\"2025-06-11T13:18:30+00:00\",\"dateModified\":\"2025-07-22T07:04:41+00:00\",\"breadcrumb\":{\"@id\":\"https:\\\/\\\/icelandgoldencircletours.com\\\/hu\\\/csoportos-utak-izlandon-magyar-idegenvezetovel\\\/#breadcrumb\"},\"inLanguage\":\"hu\",\"potentialAction\":[{\"@type\":\"ReadAction\",\"target\":[\"https:\\\/\\\/icelandgoldencircletours.com\\\/hu\\\/csoportos-utak-izlandon-magyar-idegenvezetovel\\\/\"]}]},{\"@type\":\"BreadcrumbList\",\"@id\":\"https:\\\/\\\/icelandgoldencircletours.com\\\/hu\\\/csoportos-utak-izlandon-magyar-idegenvezetovel\\\/#breadcrumb\",\"itemListElement\":[{\"@type\":\"ListItem\",\"position\":1,\"name\":\"Home\",\"item\":\"https:\\\/\\\/icelandgoldencircletours.com\\\/hu\\\/\"},{\"@type\":\"ListItem\",\"position\":2,\"name\":\"Csoportos utak Izlandon magyar idegenvezet\u0151vel\"}]},{\"@type\":\"WebSite\",\"@id\":\"https:\\\/\\\/icelandgoldencircletours.com\\\/hu\\\/#website\",\"url\":\"https:\\\/\\\/icelandgoldencircletours.com\\\/hu\\\/\",\"name\":\"Iceland Golden Circle Tours\",\"description\":\"\",\"publisher\":{\"@id\":\"https:\\\/\\\/icelandgoldencircletours.com\\\/hu\\\/#organization\"},\"potentialAction\":[{\"@type\":\"SearchAction\",\"target\":{\"@type\":\"EntryPoint\",\"urlTemplate\":\"https:\\\/\\\/icelandgoldencircletours.com\\\/hu\\\/?s={search_term_string}\"},\"query-input\":{\"@type\":\"PropertyValueSpecification\",\"valueRequired\":true,\"valueName\":\"search_term_string\"}}],\"inLanguage\":\"hu\"},{\"@type\":\"Organization\",\"@id\":\"https:\\\/\\\/icelandgoldencircletours.com\\\/hu\\\/#organization\",\"name\":\"Iceland Golden Circle Tours\",\"url\":\"https:\\\/\\\/icelandgoldencircletours.com\\\/hu\\\/\",\"logo\":{\"@type\":\"ImageObject\",\"inLanguage\":\"hu\",\"@id\":\"https:\\\/\\\/icelandgoldencircletours.com\\\/hu\\\/#\\\/schema\\\/logo\\\/image\\\/\",\"url\":\"https:\\\/\\\/icelandgoldencircletours.com\\\/wp-content\\\/uploads\\\/2020\\\/05\\\/Logo.png\",\"contentUrl\":\"https:\\\/\\\/icelandgoldencircletours.com\\\/wp-content\\\/uploads\\\/2020\\\/05\\\/Logo.png\",\"width\":933,\"height\":844,\"caption\":\"Iceland Golden Circle Tours\"},\"image\":{\"@id\":\"https:\\\/\\\/icelandgoldencircletours.com\\\/hu\\\/#\\\/schema\\\/logo\\\/image\\\/\"}}]}<\/script>\n<!-- \/ Yoast SEO plugin. -->","yoast_head_json":{"title":"Csoportos utak Izlandon magyar idegenvezet\u0151vel - Iceland Golden Circle Tours","robots":{"index":"index","follow":"follow","max-snippet":"max-snippet:-1","max-image-preview":"max-image-preview:large","max-video-preview":"max-video-preview:-1"},"canonical":"https:\/\/icelandgoldencircletours.com\/hu\/csoportos-utak-izlandon-magyar-idegenvezetovel\/","og_locale":"hu_HU","og_type":"article","og_title":"Csoportos utak Izlandon magyar idegenvezet\u0151vel - Iceland Golden Circle Tours","og_description":"Csoportos utak Izlandon magyar idegenvezet\u0151vel Csoportos utaz\u00e1sok Izlandra magyar idegenvezet\u00e9ssel kedvez\u0151 \u00e1ron, j\u00f3 min\u0151s\u00e9gben a Bono Utaz\u00e1si K\u00f6zpont \u2013 Skandin\u00e1v Utaz\u00e1si K\u00f6zpont szervez\u00e9s\u00e9ben. Az aktu\u00e1lis aj\u00e1nlatokhoz kattintson ide TripAdvisor \u00e9rt\u00e9kel\u00e9s\u00fcnk 4.8 Izlandi utaz\u00e1si irod\u00e1nk rendelkezik az \u00f6sszes, Izlandon sz\u00fcks\u00e9ges enged\u00e9llyel. IcelandGoldenCircleTours.comC\u00e9gn\u00e9v: Anna og T\u00f3mas ehfC\u00edm: Fannahvarf 4., 203 K\u00f3pavogurTelefon: +354\u00a0821 4880Kennitala (izlandi c\u00e9gsz\u00e1m): 590115-0290","og_url":"https:\/\/icelandgoldencircletours.com\/hu\/csoportos-utak-izlandon-magyar-idegenvezetovel\/","og_site_name":"Iceland Golden Circle Tours","article_modified_time":"2025-07-22T07:04:41+00:00","twitter_card":"summary_large_image","twitter_misc":{"Becs\u00fclt olvas\u00e1si id\u0151":"1 perc"},"schema":{"@context":"https:\/\/schema.org","@graph":[{"@type":"WebPage","@id":"https:\/\/icelandgoldencircletours.com\/hu\/csoportos-utak-izlandon-magyar-idegenvezetovel\/","url":"https:\/\/icelandgoldencircletours.com\/hu\/csoportos-utak-izlandon-magyar-idegenvezetovel\/","name":"Csoportos utak Izlandon magyar idegenvezet\u0151vel - Iceland Golden Circle Tours","isPartOf":{"@id":"https:\/\/icelandgoldencircletours.com\/hu\/#website"},"datePublished":"2025-06-11T13:18:30+00:00","dateModified":"2025-07-22T07:04:41+00:00","breadcrumb":{"@id":"https:\/\/icelandgoldencircletours.com\/hu\/csoportos-utak-izlandon-magyar-idegenvezetovel\/#breadcrumb"},"inLanguage":"hu","potentialAction":[{"@type":"ReadAction","target":["https:\/\/icelandgoldencircletours.com\/hu\/csoportos-utak-izlandon-magyar-idegenvezetovel\/"]}]},{"@type":"BreadcrumbList","@id":"https:\/\/icelandgoldencircletours.com\/hu\/csoportos-utak-izlandon-magyar-idegenvezetovel\/#breadcrumb","itemListElement":[{"@type":"ListItem","position":1,"name":"Home","item":"https:\/\/icelandgoldencircletours.com\/hu\/"},{"@type":"ListItem","position":2,"name":"Csoportos utak Izlandon magyar idegenvezet\u0151vel"}]},{"@type":"WebSite","@id":"https:\/\/icelandgoldencircletours.com\/hu\/#website","url":"https:\/\/icelandgoldencircletours.com\/hu\/","name":"Iceland Golden Circle Tours","description":"","publisher":{"@id":"https:\/\/icelandgoldencircletours.com\/hu\/#organization"},"potentialAction":[{"@type":"SearchAction","target":{"@type":"EntryPoint","urlTemplate":"https:\/\/icelandgoldencircletours.com\/hu\/?s={search_term_string}"},"query-input":{"@type":"PropertyValueSpecification","valueRequired":true,"valueName":"search_term_string"}}],"inLanguage":"hu"},{"@type":"Organization","@id":"https:\/\/icelandgoldencircletours.com\/hu\/#organization","name":"Iceland Golden Circle Tours","url":"https:\/\/icelandgoldencircletours.com\/hu\/","logo":{"@type":"ImageObject","inLanguage":"hu","@id":"https:\/\/icelandgoldencircletours.com\/hu\/#\/schema\/logo\/image\/","url":"https:\/\/icelandgoldencircletours.com\/wp-content\/uploads\/2020\/05\/Logo.png","contentUrl":"https:\/\/icelandgoldencircletours.com\/wp-content\/uploads\/2020\/05\/Logo.png","width":933,"height":844,"caption":"Iceland Golden Circle Tours"},"image":{"@id":"https:\/\/icelandgoldencircletours.com\/hu\/#\/schema\/logo\/image\/"}}]}},"_links":{"self":[{"href":"https:\/\/icelandgoldencircletours.com\/hu\/wp-json\/wp\/v2\/pages\/4797","targetHints":{"allow":["GET"]}}],"collection":[{"href":"https:\/\/icelandgoldencircletours.com\/hu\/wp-json\/wp\/v2\/pages"}],"about":[{"href":"https:\/\/icelandgoldencircletours.com\/hu\/wp-json\/wp\/v2\/types\/page"}],"author":[{"embeddable":true,"href":"https:\/\/icelandgoldencircletours.com\/hu\/wp-json\/wp\/v2\/users\/3"}],"replies":[{"embeddable":true,"href":"https:\/\/icelandgoldencircletours.com\/hu\/wp-json\/wp\/v2\/comments?post=4797"}],"version-history":[{"count":5,"href":"https:\/\/icelandgoldencircletours.com\/hu\/wp-json\/wp\/v2\/pages\/4797\/revisions"}],"predecessor-version":[{"id":5158,"href":"https:\/\/icelandgoldencircletours.com\/hu\/wp-json\/wp\/v2\/pages\/4797\/revisions\/5158"}],"wp:attachment":[{"href":"https:\/\/icelandgoldencircletours.com\/hu\/wp-json\/wp\/v2\/media?parent=4797"}],"curies":[{"name":"wp","href":"https:\/\/api.w.org\/{rel}","templated":true}]}}