{"id":3925,"date":"2019-11-12T16:14:13","date_gmt":"2019-11-12T16:14:13","guid":{"rendered":"https:\/\/icelandgoldencircletours.com\/?page_id=3925"},"modified":"2023-11-30T07:26:08","modified_gmt":"2023-11-30T07:26:08","slug":"utazasi-feltetelek","status":"publish","type":"page","link":"https:\/\/icelandgoldencircletours.com\/hu\/utazasi-feltetelek\/","title":{"rendered":"Utaz\u00e1si felt\u00e9telek"},"content":{"rendered":"\n<p>1. Az IcelandGoldenCircleTours.com az Anna og T\u00f3mas ehf. izlandi c\u00e9g m\u00e1rkaneve. A c\u00e9g kennital\u00e1ja (izlandi c\u00e9gsz\u00e1ma) 590115-0290, c\u00edme Fannahvarf 4., 203 K\u00f3pavogur, Izland. C\u00e9g\u00fcnk rendelkezik az \u00f6sszes sz\u00fcks\u00e9ges izlandi utaz\u00e1sszervez\u00e9si \u00e9s szem\u00e9lysz\u00e1ll\u00edt\u00e1si enged\u00e9llyel.<\/p>\n\n\n\n<p>2. Foglalni 50% (vagy az aj\u00e1nlatban megjel\u00f6lt) el\u0151leg befizet\u00e9s\u00e9vel lehet. A fennmarad\u00f3 r\u00e9sz befizet\u00e9se indul\u00e1s el\u0151tt indul\u00e1s el\u0151tt 30 nappal esed\u00e9kes. Amennyiben a foglal\u00e1s \u00e9s az indul\u00e1s k\u00f6z\u00f6tt kevesebb, mint 30 nap van, a teljes r\u00e9szv\u00e9teli d\u00edj befizet\u00e9s\u00e9vel lehet foglalni. Valamennyi befizet\u00e9s nem visszat\u00e9r\u00edthet\u0151 \u00e9s nem j\u00e1r visszat\u00e9r\u00edt\u00e9s az ig\u00e9nybe nem vett szolg\u00e1ltat\u00e1sok\u00e9rt.<\/p>\n\n\n\n<p>3. Fizetni bankk\u00e1rty\u00e1val izlandi koron\u00e1ban vagy banki \u00e1tutal\u00e1ssal eur\u00f3ban lehets\u00e9ges.<\/p>\n\n\n\n<p>4. Lemond\u00e1si felt\u00e9telek. Amennyiben az utat a foglal\u00e1s \u00e9s a fennmarad\u00f3 r\u00e9sz fizet\u00e9se k\u00f6z\u00f6tt mondja le, nem j\u00e1r vissza a m\u00e1r befizetett el\u0151leg, de nem kell befizetnie a fennmarad\u00f3 r\u00e9szt. Ha az utat indul\u00e1s el\u0151tt kevesebb, mint 30 nappal mondja le, a teljes befizetett \u00f6sszeg nem visszat\u00e9r\u00edthet\u0151. Fenntartjuk a jogot, hogy egy programot b\u00e1rmikor t\u00f6r\u00f6lj\u00fcnk, m\u00f3dos\u00edtsunk vagy megszak\u00edtsunk extr\u00e9m id\u0151j\u00e1r\u00e1s, extr\u00e9m id\u0151j\u00e1r\u00e1si el\u0151rejelz\u00e9s, id\u0151j\u00e1r\u00e1si riaszt\u00e1s, baleset, \u00fatlez\u00e1r\u00e1s, nem megfelel\u0151 \u00fatviszonyok, busszal t\u00f6rt\u00e9n\u0151 k\u00f6zleked\u00e9sre nem biztons\u00e1gos k\u00f6r\u00fclm\u00e9nyek, term\u00e9szeti katasztr\u00f3f\u00e1k vagy b\u00e1rmilyen egy\u00e9b olyan k\u00f6r\u00fclm\u00e9ny eset\u00e9n, amely munkat\u00e1rsaink vagy utasaink biztons\u00e1g\u00e1t vesz\u00e9lyeztetheti. Teljes visszat\u00e9r\u00edt\u00e9st adunk kiz\u00e1r\u00f3lag abban az esetben, ha egy el\u0151re kifizetett egynapos programot ilyen okok miatt indul\u00e1s el\u0151tt mondunk le, de nem j\u00e1r visszat\u00e9r\u00edt\u00e9s, ha a programot indul\u00e1s ut\u00e1n megszak\u00edtjuk vagy m\u00f3dos\u00edtjuk. Nem tartozunk felel\u0151ss\u00e9ggel semmilyen olyan k\u00e1r\u00e9rt vagy plusz k\u00f6lts\u00e9g\u00e9rt, ami abb\u00f3l keletkezik, ha a fenti okok valamelyik\u00e9b\u0151l nem jutnak el utasaink t\u00f6bbek k\u00f6z\u00f6tt, de nem kiz\u00e1r\u00f3lag valamilyen t\u00far\u00e1ra, programra vagy sz\u00e1ll\u00e1sra m\u00e9g abban az esetben sem, ha ezeket mi foglaltuk, illetve abban az esetben, ha a fenti k\u00f6r\u00fclm\u00e9nyek miatt nem jutnak el a rep\u00fcl\u0151t\u00e9rre \u00e9s nem \u00e9rik el a rep\u00fcl\u0151j\u00e1ratukat.<\/p>\n\n\n\n<p>5. K\u00e9rj\u00fck, hogy a biztons\u00e1gi utas\u00edt\u00e1sokat mindig tarts\u00e1k be. A biztons\u00e1gi \u00f6veket minden j\u00e1rm\u0171ben k\u00f6ss\u00e9k be a KRESZ el\u0151\u00edr\u00e1sainak megfelel\u0151en. Mozg\u00f3 j\u00e1rm\u0171ben ne \u00e1lljanak fel. A j\u00e1rda, \u00fattest vagy egy\u00e9b talaj sok esetben cs\u00fasz\u00f3s lehet. El\u0151fordulhat, hogy egyes helyeket a nehezen mozg\u00f3 szem\u00e9lyek nem vagy csak nehezen tudnak megk\u00f6zel\u00edteni. A biztons\u00e1gi szab\u00e1lyok be nem tart\u00e1sa balesetet okozhat k\u00fcl\u00f6n\u00f6s tekintettel, de nem kiz\u00e1r\u00f3lag v\u00edzes\u00e9sekn\u00e9l, gleccserekn\u00e9l, tengerpartokn\u00e1l, sziklafalakn\u00e1l \u00e9s geotermikus ter\u00fcletekn\u00e9l. Ne menjenek t\u00fal k\u00f6zel t\u00f6bbek k\u00f6z\u00f6tt a v\u00edzes\u00e9sekhez \u00e9s a gleccserekhez. A tengerpartokon (k\u00fcl\u00f6n\u00f6sen tekintettel, de nem kiz\u00e1r\u00f3lag a Reynisfjar\u00e1n\u00e1l) egyes hull\u00e1mok nagyobbak \u00e9s er\u0151sebbek lehetnek \u00e9s gyorsan m\u00e9ly\u00fcl\u0151, t\u00f6bbek k\u00f6z\u00f6tt az \u00e1ramlatok miatt vesz\u00e9lyes tengerbe h\u00fazhatj\u00e1k embereket, \u00e9letvesz\u00e9lyes helyzetet teremtve. Mindig legyen \u00f3vatos. A geotermikus ter\u00fcleteken a v\u00edz h\u0151m\u00e9rs\u00e9klete nagyon magas lehet; mindig tartson megfelel\u0151 t\u00e1vols\u00e1got a h\u0151forr\u00e1sokt\u00f3l. A buszb\u00f3l \u00e9s egy\u00e9b j\u00e1rm\u0171vekb\u0151l mindig \u00f3vatosan, a forgalmat figyelve sz\u00e1lljon le. Az utaz\u00e1son val\u00f3 r\u00e9szv\u00e9tel felt\u00e9tele az utas megfelel\u0151 eg\u00e9szs\u00e9gi \u00e1llapota.<\/p>\n\n\n\n<p>6. Panaszt csak az utaz\u00e1s id\u0151tartama alatt, e-mailben tudunk elfogadni. Az utaz\u00e1s ut\u00e1n vagy m\u00e1s form\u00e1ban tett panaszt nem fogadunk el. Jogvita eset\u00e9n kiz\u00e1r\u00f3lag a Reykjav\u00edki Ker\u00fcleti B\u00edr\u00f3s\u00e1g az illet\u00e9kes.<\/p>\n","protected":false},"excerpt":{"rendered":"<p>1. Az IcelandGoldenCircleTours.com az Anna og T\u00f3mas ehf. izlandi c\u00e9g m\u00e1rkaneve. A c\u00e9g kennital\u00e1ja (izlandi c\u00e9gsz\u00e1ma) 590115-0290, c\u00edme Fannahvarf 4., 203 K\u00f3pavogur, Izland. C\u00e9g\u00fcnk rendelkezik az \u00f6sszes sz\u00fcks\u00e9ges izlandi utaz\u00e1sszervez\u00e9si \u00e9s szem\u00e9lysz\u00e1ll\u00edt\u00e1si enged\u00e9llyel. 2. Foglalni 50% (vagy az aj\u00e1nlatban megjel\u00f6lt) el\u0151leg befizet\u00e9s\u00e9vel lehet. A fennmarad\u00f3 r\u00e9sz befizet\u00e9se indul\u00e1s el\u0151tt indul\u00e1s el\u0151tt 30 nappal esed\u00e9kes. Amennyiben [&#8230;]\n","protected":false},"author":1,"featured_media":0,"parent":0,"menu_order":0,"comment_status":"closed","ping_status":"closed","template":"page-blank-container.php","meta":{"_acf_changed":false,"footnotes":""},"class_list":["post-3925","page","type-page","status-publish","hentry"],"acf":[],"yoast_head":"<!-- This site is optimized with the Yoast SEO plugin v27.5 - https:\/\/yoast.com\/product\/yoast-seo-wordpress\/ -->\n<title>Utaz\u00e1si felt\u00e9telek - Iceland Golden Circle Tours<\/title>\n<meta name=\"robots\" content=\"index, follow, max-snippet:-1, max-image-preview:large, max-video-preview:-1\" \/>\n<link rel=\"canonical\" href=\"https:\/\/icelandgoldencircletours.com\/hu\/utazasi-feltetelek\/\" \/>\n<meta property=\"og:locale\" content=\"hu_HU\" \/>\n<meta property=\"og:type\" content=\"article\" \/>\n<meta property=\"og:title\" content=\"Utaz\u00e1si felt\u00e9telek - Iceland Golden Circle Tours\" \/>\n<meta property=\"og:description\" content=\"1. Az IcelandGoldenCircleTours.com az Anna og T\u00f3mas ehf. izlandi c\u00e9g m\u00e1rkaneve. A c\u00e9g kennital\u00e1ja (izlandi c\u00e9gsz\u00e1ma) 590115-0290, c\u00edme Fannahvarf 4., 203 K\u00f3pavogur, Izland. C\u00e9g\u00fcnk rendelkezik az \u00f6sszes sz\u00fcks\u00e9ges izlandi utaz\u00e1sszervez\u00e9si \u00e9s szem\u00e9lysz\u00e1ll\u00edt\u00e1si enged\u00e9llyel. 2. Foglalni 50% (vagy az aj\u00e1nlatban megjel\u00f6lt) el\u0151leg befizet\u00e9s\u00e9vel lehet. A fennmarad\u00f3 r\u00e9sz befizet\u00e9se indul\u00e1s el\u0151tt indul\u00e1s el\u0151tt 30 nappal esed\u00e9kes. Amennyiben [...]\" \/>\n<meta property=\"og:url\" content=\"https:\/\/icelandgoldencircletours.com\/hu\/utazasi-feltetelek\/\" \/>\n<meta property=\"og:site_name\" content=\"Iceland Golden Circle Tours\" \/>\n<meta property=\"article:modified_time\" content=\"2023-11-30T07:26:08+00:00\" \/>\n<meta name=\"twitter:card\" content=\"summary_large_image\" \/>\n<meta name=\"twitter:label1\" content=\"Becs\u00fclt olvas\u00e1si id\u0151\" \/>\n\t<meta name=\"twitter:data1\" content=\"3 perc\" \/>\n<script type=\"application\/ld+json\" class=\"yoast-schema-graph\">{\"@context\":\"https:\\\/\\\/schema.org\",\"@graph\":[{\"@type\":\"WebPage\",\"@id\":\"https:\\\/\\\/icelandgoldencircletours.com\\\/hu\\\/utazasi-feltetelek\\\/\",\"url\":\"https:\\\/\\\/icelandgoldencircletours.com\\\/hu\\\/utazasi-feltetelek\\\/\",\"name\":\"Utaz\u00e1si felt\u00e9telek - Iceland Golden Circle Tours\",\"isPartOf\":{\"@id\":\"https:\\\/\\\/icelandgoldencircletours.com\\\/hu\\\/#website\"},\"datePublished\":\"2019-11-12T16:14:13+00:00\",\"dateModified\":\"2023-11-30T07:26:08+00:00\",\"breadcrumb\":{\"@id\":\"https:\\\/\\\/icelandgoldencircletours.com\\\/hu\\\/utazasi-feltetelek\\\/#breadcrumb\"},\"inLanguage\":\"hu\",\"potentialAction\":[{\"@type\":\"ReadAction\",\"target\":[\"https:\\\/\\\/icelandgoldencircletours.com\\\/hu\\\/utazasi-feltetelek\\\/\"]}]},{\"@type\":\"BreadcrumbList\",\"@id\":\"https:\\\/\\\/icelandgoldencircletours.com\\\/hu\\\/utazasi-feltetelek\\\/#breadcrumb\",\"itemListElement\":[{\"@type\":\"ListItem\",\"position\":1,\"name\":\"Home\",\"item\":\"https:\\\/\\\/icelandgoldencircletours.com\\\/hu\\\/\"},{\"@type\":\"ListItem\",\"position\":2,\"name\":\"Utaz\u00e1si felt\u00e9telek\"}]},{\"@type\":\"WebSite\",\"@id\":\"https:\\\/\\\/icelandgoldencircletours.com\\\/hu\\\/#website\",\"url\":\"https:\\\/\\\/icelandgoldencircletours.com\\\/hu\\\/\",\"name\":\"Iceland Golden Circle Tours\",\"description\":\"\",\"publisher\":{\"@id\":\"https:\\\/\\\/icelandgoldencircletours.com\\\/hu\\\/#organization\"},\"potentialAction\":[{\"@type\":\"SearchAction\",\"target\":{\"@type\":\"EntryPoint\",\"urlTemplate\":\"https:\\\/\\\/icelandgoldencircletours.com\\\/hu\\\/?s={search_term_string}\"},\"query-input\":{\"@type\":\"PropertyValueSpecification\",\"valueRequired\":true,\"valueName\":\"search_term_string\"}}],\"inLanguage\":\"hu\"},{\"@type\":\"Organization\",\"@id\":\"https:\\\/\\\/icelandgoldencircletours.com\\\/hu\\\/#organization\",\"name\":\"Iceland Golden Circle Tours\",\"url\":\"https:\\\/\\\/icelandgoldencircletours.com\\\/hu\\\/\",\"logo\":{\"@type\":\"ImageObject\",\"inLanguage\":\"hu\",\"@id\":\"https:\\\/\\\/icelandgoldencircletours.com\\\/hu\\\/#\\\/schema\\\/logo\\\/image\\\/\",\"url\":\"https:\\\/\\\/icelandgoldencircletours.com\\\/wp-content\\\/uploads\\\/2020\\\/05\\\/Logo.png\",\"contentUrl\":\"https:\\\/\\\/icelandgoldencircletours.com\\\/wp-content\\\/uploads\\\/2020\\\/05\\\/Logo.png\",\"width\":933,\"height\":844,\"caption\":\"Iceland Golden Circle Tours\"},\"image\":{\"@id\":\"https:\\\/\\\/icelandgoldencircletours.com\\\/hu\\\/#\\\/schema\\\/logo\\\/image\\\/\"}}]}<\/script>\n<!-- \/ Yoast SEO plugin. -->","yoast_head_json":{"title":"Utaz\u00e1si felt\u00e9telek - Iceland Golden Circle Tours","robots":{"index":"index","follow":"follow","max-snippet":"max-snippet:-1","max-image-preview":"max-image-preview:large","max-video-preview":"max-video-preview:-1"},"canonical":"https:\/\/icelandgoldencircletours.com\/hu\/utazasi-feltetelek\/","og_locale":"hu_HU","og_type":"article","og_title":"Utaz\u00e1si felt\u00e9telek - Iceland Golden Circle Tours","og_description":"1. Az IcelandGoldenCircleTours.com az Anna og T\u00f3mas ehf. izlandi c\u00e9g m\u00e1rkaneve. A c\u00e9g kennital\u00e1ja (izlandi c\u00e9gsz\u00e1ma) 590115-0290, c\u00edme Fannahvarf 4., 203 K\u00f3pavogur, Izland. C\u00e9g\u00fcnk rendelkezik az \u00f6sszes sz\u00fcks\u00e9ges izlandi utaz\u00e1sszervez\u00e9si \u00e9s szem\u00e9lysz\u00e1ll\u00edt\u00e1si enged\u00e9llyel. 2. Foglalni 50% (vagy az aj\u00e1nlatban megjel\u00f6lt) el\u0151leg befizet\u00e9s\u00e9vel lehet. A fennmarad\u00f3 r\u00e9sz befizet\u00e9se indul\u00e1s el\u0151tt indul\u00e1s el\u0151tt 30 nappal esed\u00e9kes. Amennyiben [...]","og_url":"https:\/\/icelandgoldencircletours.com\/hu\/utazasi-feltetelek\/","og_site_name":"Iceland Golden Circle Tours","article_modified_time":"2023-11-30T07:26:08+00:00","twitter_card":"summary_large_image","twitter_misc":{"Becs\u00fclt olvas\u00e1si id\u0151":"3 perc"},"schema":{"@context":"https:\/\/schema.org","@graph":[{"@type":"WebPage","@id":"https:\/\/icelandgoldencircletours.com\/hu\/utazasi-feltetelek\/","url":"https:\/\/icelandgoldencircletours.com\/hu\/utazasi-feltetelek\/","name":"Utaz\u00e1si felt\u00e9telek - Iceland Golden Circle Tours","isPartOf":{"@id":"https:\/\/icelandgoldencircletours.com\/hu\/#website"},"datePublished":"2019-11-12T16:14:13+00:00","dateModified":"2023-11-30T07:26:08+00:00","breadcrumb":{"@id":"https:\/\/icelandgoldencircletours.com\/hu\/utazasi-feltetelek\/#breadcrumb"},"inLanguage":"hu","potentialAction":[{"@type":"ReadAction","target":["https:\/\/icelandgoldencircletours.com\/hu\/utazasi-feltetelek\/"]}]},{"@type":"BreadcrumbList","@id":"https:\/\/icelandgoldencircletours.com\/hu\/utazasi-feltetelek\/#breadcrumb","itemListElement":[{"@type":"ListItem","position":1,"name":"Home","item":"https:\/\/icelandgoldencircletours.com\/hu\/"},{"@type":"ListItem","position":2,"name":"Utaz\u00e1si felt\u00e9telek"}]},{"@type":"WebSite","@id":"https:\/\/icelandgoldencircletours.com\/hu\/#website","url":"https:\/\/icelandgoldencircletours.com\/hu\/","name":"Iceland Golden Circle Tours","description":"","publisher":{"@id":"https:\/\/icelandgoldencircletours.com\/hu\/#organization"},"potentialAction":[{"@type":"SearchAction","target":{"@type":"EntryPoint","urlTemplate":"https:\/\/icelandgoldencircletours.com\/hu\/?s={search_term_string}"},"query-input":{"@type":"PropertyValueSpecification","valueRequired":true,"valueName":"search_term_string"}}],"inLanguage":"hu"},{"@type":"Organization","@id":"https:\/\/icelandgoldencircletours.com\/hu\/#organization","name":"Iceland Golden Circle Tours","url":"https:\/\/icelandgoldencircletours.com\/hu\/","logo":{"@type":"ImageObject","inLanguage":"hu","@id":"https:\/\/icelandgoldencircletours.com\/hu\/#\/schema\/logo\/image\/","url":"https:\/\/icelandgoldencircletours.com\/wp-content\/uploads\/2020\/05\/Logo.png","contentUrl":"https:\/\/icelandgoldencircletours.com\/wp-content\/uploads\/2020\/05\/Logo.png","width":933,"height":844,"caption":"Iceland Golden Circle Tours"},"image":{"@id":"https:\/\/icelandgoldencircletours.com\/hu\/#\/schema\/logo\/image\/"}}]}},"_links":{"self":[{"href":"https:\/\/icelandgoldencircletours.com\/hu\/wp-json\/wp\/v2\/pages\/3925","targetHints":{"allow":["GET"]}}],"collection":[{"href":"https:\/\/icelandgoldencircletours.com\/hu\/wp-json\/wp\/v2\/pages"}],"about":[{"href":"https:\/\/icelandgoldencircletours.com\/hu\/wp-json\/wp\/v2\/types\/page"}],"author":[{"embeddable":true,"href":"https:\/\/icelandgoldencircletours.com\/hu\/wp-json\/wp\/v2\/users\/1"}],"replies":[{"embeddable":true,"href":"https:\/\/icelandgoldencircletours.com\/hu\/wp-json\/wp\/v2\/comments?post=3925"}],"version-history":[{"count":2,"href":"https:\/\/icelandgoldencircletours.com\/hu\/wp-json\/wp\/v2\/pages\/3925\/revisions"}],"predecessor-version":[{"id":3927,"href":"https:\/\/icelandgoldencircletours.com\/hu\/wp-json\/wp\/v2\/pages\/3925\/revisions\/3927"}],"wp:attachment":[{"href":"https:\/\/icelandgoldencircletours.com\/hu\/wp-json\/wp\/v2\/media?parent=3925"}],"curies":[{"name":"wp","href":"https:\/\/api.w.org\/{rel}","templated":true}]}}