{"id":3757,"date":"2019-11-08T18:25:00","date_gmt":"2019-11-08T18:25:00","guid":{"rendered":"https:\/\/icelandgoldencircletours.com\/kapcsolat\/"},"modified":"2023-11-12T12:46:52","modified_gmt":"2023-11-12T12:46:52","slug":"kapcsolat","status":"publish","type":"page","link":"https:\/\/icelandgoldencircletours.com\/hu\/kapcsolat\/","title":{"rendered":"Kapcsolat"},"content":{"rendered":"\t\t<div data-elementor-type=\"wp-page\" data-elementor-id=\"3757\" class=\"elementor elementor-3757 elementor-19\">\n\t\t\t\t\t\t<section class=\"elementor-section elementor-top-section elementor-element elementor-element-274ec36e elementor-section-boxed elementor-section-height-default elementor-section-height-default\" data-id=\"274ec36e\" data-element_type=\"section\" data-e-type=\"section\">\n\t\t\t\t\t\t<div class=\"elementor-container elementor-column-gap-default\">\n\t\t\t\t\t<div class=\"elementor-column elementor-col-100 elementor-top-column elementor-element elementor-element-80bd066\" data-id=\"80bd066\" data-element_type=\"column\" data-e-type=\"column\">\n\t\t\t<div class=\"elementor-widget-wrap elementor-element-populated\">\n\t\t\t\t\t\t<div class=\"elementor-element elementor-element-7e32c2f7 elementor-widget elementor-widget-text-editor\" data-id=\"7e32c2f7\" data-element_type=\"widget\" data-e-type=\"widget\" data-widget_type=\"text-editor.default\">\n\t\t\t\t<div class=\"elementor-widget-container\">\n\t\t\t\t\t\t\t\t\t<h3><strong>Izlandi utaz\u00e1st tervez?<\/strong><\/h3><h3>K\u00e9rd\u00e9se van?<\/h3><h5>\u00cdrjon most!<\/h5>\t\t\t\t\t\t\t\t<\/div>\n\t\t\t\t<\/div>\n\t\t\t\t\t<\/div>\n\t\t<\/div>\n\t\t\t\t\t<\/div>\n\t\t<\/section>\n\t\t<div class=\"elementor-element elementor-element-13316ce e-flex e-con-boxed e-con e-parent\" data-id=\"13316ce\" data-element_type=\"container\" data-e-type=\"container\">\n\t\t\t\t\t<div class=\"e-con-inner\">\n\t\t<div class=\"elementor-element elementor-element-f79071c e-con-full e-flex e-con e-child\" data-id=\"f79071c\" data-element_type=\"container\" data-e-type=\"container\">\n\t\t\t\t<div class=\"elementor-element elementor-element-cb8cf12 elementor-view-default elementor-position-block-start elementor-mobile-position-block-start elementor-widget elementor-widget-icon-box\" data-id=\"cb8cf12\" data-element_type=\"widget\" data-e-type=\"widget\" data-widget_type=\"icon-box.default\">\n\t\t\t\t<div class=\"elementor-widget-container\">\n\t\t\t\t\t\t\t<div class=\"elementor-icon-box-wrapper\">\n\n\t\t\t\t\t\t<div class=\"elementor-icon-box-icon\">\n\t\t\t\t<a href=\"tel:+3548214880\" class=\"elementor-icon\" tabindex=\"-1\" aria-label=\"+354 821 4880\">\n\t\t\t\t<svg aria-hidden=\"true\" class=\"e-font-icon-svg e-fas-phone-alt\" viewBox=\"0 0 512 512\" xmlns=\"http:\/\/www.w3.org\/2000\/svg\"><path d=\"M497.39 361.8l-112-48a24 24 0 0 0-28 6.9l-49.6 60.6A370.66 370.66 0 0 1 130.6 204.11l60.6-49.6a23.94 23.94 0 0 0 6.9-28l-48-112A24.16 24.16 0 0 0 122.6.61l-104 24A24 24 0 0 0 0 48c0 256.5 207.9 464 464 464a24 24 0 0 0 23.4-18.6l24-104a24.29 24.29 0 0 0-14.01-27.6z\"><\/path><\/svg>\t\t\t\t<\/a>\n\t\t\t<\/div>\n\t\t\t\n\t\t\t\t\t\t<div class=\"elementor-icon-box-content\">\n\n\t\t\t\t\t\t\t\t\t<h3 class=\"elementor-icon-box-title\">\n\t\t\t\t\t\t<a href=\"tel:+3548214880\" >\n\t\t\t\t\t\t\t+354 821 4880\t\t\t\t\t\t<\/a>\n\t\t\t\t\t<\/h3>\n\t\t\t\t\n\t\t\t\t\t\t\t\t\t<p class=\"elementor-icon-box-description\">\n\t\t\t\t\t\tTelefon\t\t\t\t\t<\/p>\n\t\t\t\t\n\t\t\t<\/div>\n\t\t\t\n\t\t<\/div>\n\t\t\t\t\t\t<\/div>\n\t\t\t\t<\/div>\n\t\t\t\t<\/div>\n\t\t<div class=\"elementor-element elementor-element-ac7ca85 e-con-full e-flex e-con e-child\" data-id=\"ac7ca85\" data-element_type=\"container\" data-e-type=\"container\">\n\t\t\t\t<div class=\"elementor-element elementor-element-66f8e97 elementor-view-default elementor-position-block-start elementor-mobile-position-block-start elementor-widget elementor-widget-icon-box\" data-id=\"66f8e97\" data-element_type=\"widget\" data-e-type=\"widget\" data-widget_type=\"icon-box.default\">\n\t\t\t\t<div class=\"elementor-widget-container\">\n\t\t\t\t\t\t\t<div class=\"elementor-icon-box-wrapper\">\n\n\t\t\t\t\t\t<div class=\"elementor-icon-box-icon\">\n\t\t\t\t<a href=\"mailto:sales@icelandgoldencircletours.com\" class=\"elementor-icon\" tabindex=\"-1\" aria-label=\"sales@icelandgoldencircletours.com\">\n\t\t\t\t<svg aria-hidden=\"true\" class=\"e-font-icon-svg e-far-envelope\" viewBox=\"0 0 512 512\" xmlns=\"http:\/\/www.w3.org\/2000\/svg\"><path d=\"M464 64H48C21.49 64 0 85.49 0 112v288c0 26.51 21.49 48 48 48h416c26.51 0 48-21.49 48-48V112c0-26.51-21.49-48-48-48zm0 48v40.805c-22.422 18.259-58.168 46.651-134.587 106.49-16.841 13.247-50.201 45.072-73.413 44.701-23.208.375-56.579-31.459-73.413-44.701C106.18 199.465 70.425 171.067 48 152.805V112h416zM48 400V214.398c22.914 18.251 55.409 43.862 104.938 82.646 21.857 17.205 60.134 55.186 103.062 54.955 42.717.231 80.509-37.199 103.053-54.947 49.528-38.783 82.032-64.401 104.947-82.653V400H48z\"><\/path><\/svg>\t\t\t\t<\/a>\n\t\t\t<\/div>\n\t\t\t\n\t\t\t\t\t\t<div class=\"elementor-icon-box-content\">\n\n\t\t\t\t\t\t\t\t\t<h4 class=\"elementor-icon-box-title\">\n\t\t\t\t\t\t<a href=\"mailto:sales@icelandgoldencircletours.com\" >\n\t\t\t\t\t\t\tsales@icelandgoldencircletours.com\t\t\t\t\t\t<\/a>\n\t\t\t\t\t<\/h4>\n\t\t\t\t\n\t\t\t\t\n\t\t\t<\/div>\n\t\t\t\n\t\t<\/div>\n\t\t\t\t\t\t<\/div>\n\t\t\t\t<\/div>\n\t\t\t\t<\/div>\n\t\t<div class=\"elementor-element elementor-element-f747127 e-con-full e-flex e-con e-child\" data-id=\"f747127\" data-element_type=\"container\" data-e-type=\"container\">\n\t\t\t\t<div class=\"elementor-element elementor-element-de8e689 elementor-view-default elementor-position-block-start elementor-mobile-position-block-start elementor-widget elementor-widget-icon-box\" data-id=\"de8e689\" data-element_type=\"widget\" data-e-type=\"widget\" data-widget_type=\"icon-box.default\">\n\t\t\t\t<div class=\"elementor-widget-container\">\n\t\t\t\t\t\t\t<div class=\"elementor-icon-box-wrapper\">\n\n\t\t\t\t\t\t<div class=\"elementor-icon-box-icon\">\n\t\t\t\t<a href=\"https:\/\/www.facebook.com\/profile.php?id=100057043886887\" class=\"elementor-icon\" tabindex=\"-1\" aria-label=\"Izlandi magyar idegenvezet\u0151 Reykjav\u00edk\">\n\t\t\t\t<svg aria-hidden=\"true\" class=\"e-font-icon-svg e-fab-facebook\" viewBox=\"0 0 512 512\" xmlns=\"http:\/\/www.w3.org\/2000\/svg\"><path d=\"M504 256C504 119 393 8 256 8S8 119 8 256c0 123.78 90.69 226.38 209.25 245V327.69h-63V256h63v-54.64c0-62.15 37-96.48 93.67-96.48 27.14 0 55.52 4.84 55.52 4.84v61h-31.28c-30.8 0-40.41 19.12-40.41 38.73V256h68.78l-11 71.69h-57.78V501C413.31 482.38 504 379.78 504 256z\"><\/path><\/svg>\t\t\t\t<\/a>\n\t\t\t<\/div>\n\t\t\t\n\t\t\t\t\t\t<div class=\"elementor-icon-box-content\">\n\n\t\t\t\t\t\t\t\t\t<h4 class=\"elementor-icon-box-title\">\n\t\t\t\t\t\t<a href=\"https:\/\/www.facebook.com\/profile.php?id=100057043886887\" >\n\t\t\t\t\t\t\tIzlandi magyar idegenvezet\u0151 Reykjav\u00edk\t\t\t\t\t\t<\/a>\n\t\t\t\t\t<\/h4>\n\t\t\t\t\n\t\t\t\t\n\t\t\t<\/div>\n\t\t\t\n\t\t<\/div>\n\t\t\t\t\t\t<\/div>\n\t\t\t\t<\/div>\n\t\t\t\t<\/div>\n\t\t\t\t\t<\/div>\n\t\t\t\t<\/div>\n\t\t\t\t<\/div>\n\t\t","protected":false},"excerpt":{"rendered":"<p>Izlandi utaz\u00e1st tervez? K\u00e9rd\u00e9se van? \u00cdrjon most! +354 821 4880 Telefon sales@icelandgoldencircletours.com Izlandi magyar idegenvezet\u0151 Reykjav\u00edk<\/p>\n","protected":false},"author":1,"featured_media":0,"parent":0,"menu_order":0,"comment_status":"closed","ping_status":"closed","template":"","meta":{"_acf_changed":false,"footnotes":""},"class_list":["post-3757","page","type-page","status-publish","hentry"],"acf":[],"yoast_head":"<!-- This site is optimized with the Yoast SEO plugin v27.5 - https:\/\/yoast.com\/product\/yoast-seo-wordpress\/ -->\n<title>Kapcsolat - Iceland Golden Circle Tours<\/title>\n<meta name=\"robots\" content=\"index, follow, max-snippet:-1, max-image-preview:large, max-video-preview:-1\" \/>\n<link rel=\"canonical\" href=\"https:\/\/icelandgoldencircletours.com\/hu\/kapcsolat\/\" \/>\n<meta property=\"og:locale\" content=\"hu_HU\" \/>\n<meta property=\"og:type\" content=\"article\" \/>\n<meta property=\"og:title\" content=\"Kapcsolat - Iceland Golden Circle Tours\" \/>\n<meta property=\"og:description\" content=\"Izlandi utaz\u00e1st tervez? K\u00e9rd\u00e9se van? \u00cdrjon most! +354 821 4880 Telefon sales@icelandgoldencircletours.com Izlandi magyar idegenvezet\u0151 Reykjav\u00edk\" \/>\n<meta property=\"og:url\" content=\"https:\/\/icelandgoldencircletours.com\/hu\/kapcsolat\/\" \/>\n<meta property=\"og:site_name\" content=\"Iceland Golden Circle Tours\" \/>\n<meta property=\"article:modified_time\" content=\"2023-11-12T12:46:52+00:00\" \/>\n<meta name=\"twitter:card\" content=\"summary_large_image\" \/>\n<meta name=\"twitter:label1\" content=\"Becs\u00fclt olvas\u00e1si id\u0151\" \/>\n\t<meta name=\"twitter:data1\" content=\"1 perc\" \/>\n<script type=\"application\/ld+json\" class=\"yoast-schema-graph\">{\"@context\":\"https:\\\/\\\/schema.org\",\"@graph\":[{\"@type\":\"WebPage\",\"@id\":\"https:\\\/\\\/icelandgoldencircletours.com\\\/hu\\\/kapcsolat\\\/\",\"url\":\"https:\\\/\\\/icelandgoldencircletours.com\\\/hu\\\/kapcsolat\\\/\",\"name\":\"Kapcsolat - Iceland Golden Circle Tours\",\"isPartOf\":{\"@id\":\"https:\\\/\\\/icelandgoldencircletours.com\\\/hu\\\/#website\"},\"datePublished\":\"2019-11-08T18:25:00+00:00\",\"dateModified\":\"2023-11-12T12:46:52+00:00\",\"breadcrumb\":{\"@id\":\"https:\\\/\\\/icelandgoldencircletours.com\\\/hu\\\/kapcsolat\\\/#breadcrumb\"},\"inLanguage\":\"hu\",\"potentialAction\":[{\"@type\":\"ReadAction\",\"target\":[\"https:\\\/\\\/icelandgoldencircletours.com\\\/hu\\\/kapcsolat\\\/\"]}]},{\"@type\":\"BreadcrumbList\",\"@id\":\"https:\\\/\\\/icelandgoldencircletours.com\\\/hu\\\/kapcsolat\\\/#breadcrumb\",\"itemListElement\":[{\"@type\":\"ListItem\",\"position\":1,\"name\":\"Home\",\"item\":\"https:\\\/\\\/icelandgoldencircletours.com\\\/hu\\\/\"},{\"@type\":\"ListItem\",\"position\":2,\"name\":\"Kapcsolat\"}]},{\"@type\":\"WebSite\",\"@id\":\"https:\\\/\\\/icelandgoldencircletours.com\\\/hu\\\/#website\",\"url\":\"https:\\\/\\\/icelandgoldencircletours.com\\\/hu\\\/\",\"name\":\"Iceland Golden Circle Tours\",\"description\":\"\",\"publisher\":{\"@id\":\"https:\\\/\\\/icelandgoldencircletours.com\\\/hu\\\/#organization\"},\"potentialAction\":[{\"@type\":\"SearchAction\",\"target\":{\"@type\":\"EntryPoint\",\"urlTemplate\":\"https:\\\/\\\/icelandgoldencircletours.com\\\/hu\\\/?s={search_term_string}\"},\"query-input\":{\"@type\":\"PropertyValueSpecification\",\"valueRequired\":true,\"valueName\":\"search_term_string\"}}],\"inLanguage\":\"hu\"},{\"@type\":\"Organization\",\"@id\":\"https:\\\/\\\/icelandgoldencircletours.com\\\/hu\\\/#organization\",\"name\":\"Iceland Golden Circle Tours\",\"url\":\"https:\\\/\\\/icelandgoldencircletours.com\\\/hu\\\/\",\"logo\":{\"@type\":\"ImageObject\",\"inLanguage\":\"hu\",\"@id\":\"https:\\\/\\\/icelandgoldencircletours.com\\\/hu\\\/#\\\/schema\\\/logo\\\/image\\\/\",\"url\":\"https:\\\/\\\/icelandgoldencircletours.com\\\/wp-content\\\/uploads\\\/2020\\\/05\\\/Logo.png\",\"contentUrl\":\"https:\\\/\\\/icelandgoldencircletours.com\\\/wp-content\\\/uploads\\\/2020\\\/05\\\/Logo.png\",\"width\":933,\"height\":844,\"caption\":\"Iceland Golden Circle Tours\"},\"image\":{\"@id\":\"https:\\\/\\\/icelandgoldencircletours.com\\\/hu\\\/#\\\/schema\\\/logo\\\/image\\\/\"}}]}<\/script>\n<!-- \/ Yoast SEO plugin. -->","yoast_head_json":{"title":"Kapcsolat - Iceland Golden Circle Tours","robots":{"index":"index","follow":"follow","max-snippet":"max-snippet:-1","max-image-preview":"max-image-preview:large","max-video-preview":"max-video-preview:-1"},"canonical":"https:\/\/icelandgoldencircletours.com\/hu\/kapcsolat\/","og_locale":"hu_HU","og_type":"article","og_title":"Kapcsolat - Iceland Golden Circle Tours","og_description":"Izlandi utaz\u00e1st tervez? K\u00e9rd\u00e9se van? \u00cdrjon most! +354 821 4880 Telefon sales@icelandgoldencircletours.com Izlandi magyar idegenvezet\u0151 Reykjav\u00edk","og_url":"https:\/\/icelandgoldencircletours.com\/hu\/kapcsolat\/","og_site_name":"Iceland Golden Circle Tours","article_modified_time":"2023-11-12T12:46:52+00:00","twitter_card":"summary_large_image","twitter_misc":{"Becs\u00fclt olvas\u00e1si id\u0151":"1 perc"},"schema":{"@context":"https:\/\/schema.org","@graph":[{"@type":"WebPage","@id":"https:\/\/icelandgoldencircletours.com\/hu\/kapcsolat\/","url":"https:\/\/icelandgoldencircletours.com\/hu\/kapcsolat\/","name":"Kapcsolat - Iceland Golden Circle Tours","isPartOf":{"@id":"https:\/\/icelandgoldencircletours.com\/hu\/#website"},"datePublished":"2019-11-08T18:25:00+00:00","dateModified":"2023-11-12T12:46:52+00:00","breadcrumb":{"@id":"https:\/\/icelandgoldencircletours.com\/hu\/kapcsolat\/#breadcrumb"},"inLanguage":"hu","potentialAction":[{"@type":"ReadAction","target":["https:\/\/icelandgoldencircletours.com\/hu\/kapcsolat\/"]}]},{"@type":"BreadcrumbList","@id":"https:\/\/icelandgoldencircletours.com\/hu\/kapcsolat\/#breadcrumb","itemListElement":[{"@type":"ListItem","position":1,"name":"Home","item":"https:\/\/icelandgoldencircletours.com\/hu\/"},{"@type":"ListItem","position":2,"name":"Kapcsolat"}]},{"@type":"WebSite","@id":"https:\/\/icelandgoldencircletours.com\/hu\/#website","url":"https:\/\/icelandgoldencircletours.com\/hu\/","name":"Iceland Golden Circle Tours","description":"","publisher":{"@id":"https:\/\/icelandgoldencircletours.com\/hu\/#organization"},"potentialAction":[{"@type":"SearchAction","target":{"@type":"EntryPoint","urlTemplate":"https:\/\/icelandgoldencircletours.com\/hu\/?s={search_term_string}"},"query-input":{"@type":"PropertyValueSpecification","valueRequired":true,"valueName":"search_term_string"}}],"inLanguage":"hu"},{"@type":"Organization","@id":"https:\/\/icelandgoldencircletours.com\/hu\/#organization","name":"Iceland Golden Circle Tours","url":"https:\/\/icelandgoldencircletours.com\/hu\/","logo":{"@type":"ImageObject","inLanguage":"hu","@id":"https:\/\/icelandgoldencircletours.com\/hu\/#\/schema\/logo\/image\/","url":"https:\/\/icelandgoldencircletours.com\/wp-content\/uploads\/2020\/05\/Logo.png","contentUrl":"https:\/\/icelandgoldencircletours.com\/wp-content\/uploads\/2020\/05\/Logo.png","width":933,"height":844,"caption":"Iceland Golden Circle Tours"},"image":{"@id":"https:\/\/icelandgoldencircletours.com\/hu\/#\/schema\/logo\/image\/"}}]}},"_links":{"self":[{"href":"https:\/\/icelandgoldencircletours.com\/hu\/wp-json\/wp\/v2\/pages\/3757","targetHints":{"allow":["GET"]}}],"collection":[{"href":"https:\/\/icelandgoldencircletours.com\/hu\/wp-json\/wp\/v2\/pages"}],"about":[{"href":"https:\/\/icelandgoldencircletours.com\/hu\/wp-json\/wp\/v2\/types\/page"}],"author":[{"embeddable":true,"href":"https:\/\/icelandgoldencircletours.com\/hu\/wp-json\/wp\/v2\/users\/1"}],"replies":[{"embeddable":true,"href":"https:\/\/icelandgoldencircletours.com\/hu\/wp-json\/wp\/v2\/comments?post=3757"}],"version-history":[{"count":5,"href":"https:\/\/icelandgoldencircletours.com\/hu\/wp-json\/wp\/v2\/pages\/3757\/revisions"}],"predecessor-version":[{"id":3900,"href":"https:\/\/icelandgoldencircletours.com\/hu\/wp-json\/wp\/v2\/pages\/3757\/revisions\/3900"}],"wp:attachment":[{"href":"https:\/\/icelandgoldencircletours.com\/hu\/wp-json\/wp\/v2\/media?parent=3757"}],"curies":[{"name":"wp","href":"https:\/\/api.w.org\/{rel}","templated":true}]}}