{"id":3960,"date":"2019-11-12T16:14:13","date_gmt":"2019-11-12T16:14:13","guid":{"rendered":"https:\/\/icelandgoldencircletours.com\/?page_id=3960"},"modified":"2023-12-11T09:43:43","modified_gmt":"2023-12-11T09:43:43","slug":"conditions-de-reservation","status":"publish","type":"page","link":"https:\/\/icelandgoldencircletours.com\/fr\/conditions-de-reservation\/","title":{"rendered":"Conditions de r\u00e9servation"},"content":{"rendered":"\n<ol class=\"wp-block-list\">\n<li>IcelandGoldenCircleTours.com est une marque de l\u2019entreprise islandaise Anna og T\u00f3mas ehf (kennitala 590115-0290). Nous disposons de toutes les licences et permis n\u00e9cessaires en tant que tour op\u00e9rateur et transporteur.<\/li>\n\n\n\n<li>Votre r\u00e9servation est confirm\u00e9e lorsque nous recevons votre premier paiement de 50% (ou autre si pr\u00e9cis\u00e9 autrement dans notre devis) pour les r\u00e9servations faites au moins 30 jours avant votre arriv\u00e9e ou de 100% pour les r\u00e9servations faites moins de 30 jours avant votre arriv\u00e9e et nous vous envoyons note confirmation \u00e9crite par e-mail. Tous les paiements sont non-remboursables et il n\u2019y a pas de remboursement pour les prestations non utilis\u00e9es.<\/li>\n\n\n\n<li>Vous pouvez payer par carte bancaire en couronnes islandaises ou par virement bancaire en euros.<\/li>\n\n\n\n<li>Annulations. Si vous annulez votre r\u00e9servation au moins 30 jours avant votre arriv\u00e9e vous n\u2019aurez pas droit au remboursement de vos paiements d\u00e9j\u00e0 effectu\u00e9s mais vous ne devrez pas effectuer le paiement pr\u00e9vu 30 jours avant votre arriv\u00e9e. Si vous annulez moins de 30 jours avant votre arriv\u00e9e vous n\u2019aurez droit \u00e0 aucun remboursement. Tous les itin\u00e9raires sont sujets aux conditions m\u00e9t\u00e9orologiques et \u00e0 l\u2019\u00e9tat des routes. Nous nous r\u00e9servons le droit d\u2019annuler, modifier ou interrompre une excursion, une activit\u00e9 ou un circuit en cas d\u2019alerte m\u00e9t\u00e9o ou de m\u00e9t\u00e9o extr\u00eame, accident, fermeture des routes, conditions qui rendent la circulation en bus trop dangereuse, catastrophe naturelle ou toute autre raison qui risque de poser un danger \u00e0 nos clients, employ\u00e9s ou prestataires. Vous aurez droit \u00e0 un remboursement uniquement pour les excursions d\u2019une journ\u00e9e d\u00e9j\u00e0 pay\u00e9es si elles sont annul\u00e9es par nous avant le d\u00e9part pour des raisons mentionn\u00e9es ci-dessus ou autres mais pas si elles sont interrompues ou modifi\u00e9es. Nous ne sommes pas responsables d\u2019\u00e9ventuels pertes ou co\u00fbts suppl\u00e9mentaires si vous manquez une activit\u00e9 ou un vol ou autres ou si vous n\u2019arrivez pas \u00e0 votre h\u00e9bergement d\u00e9j\u00e0 r\u00e9serv\u00e9 et\/ou si vous devez r\u00e9server un autre h\u00e9bergement, m\u00eame si l\u2019h\u00e9bergement a \u00e9t\u00e9 r\u00e9serv\u00e9 par nous.<\/li>\n\n\n\n<li>Vous devez suivre les instructions de s\u00e9curit\u00e9 \u00e0 tout moment. Le port de la ceinture de s\u00e9curit\u00e9 est obligatoire. Restez assis lorsque le v\u00e9hicule est en motion. Les trottoirs, chauss\u00e9es, sentiers ou autres surfaces peuvent \u00eatre glissants et il peut y avoir des escaliers difficiles pour certains. Vous devez \u00eatre dans un bon \u00e9tat de sant\u00e9 et en bonne condition physique pour participer \u00e0 nos circuits et excursions. Il peut y avoir un risque d\u2019accident notamment mais pas exclusivement aux chutes d\u2019eau, glaciers, plages et zone g\u00e9othermiques si vous ne suivez pas les instructions de s\u00e9curit\u00e9. Certaines vagues sur les plages peuvent \u00eatre plus puissantes et dangereuses que d\u2019autres et peuvent provoquer la mort en vous entra\u00eenant dans l\u2019oc\u00e9an. Gardez toujours une distance suffisante par rapport \u00e0 l\u2019oc\u00e9an. Marchez toujours avec pr\u00e9caution. Les sources d\u2019eau chaudes peuvent \u00eatre de temp\u00e9rature tr\u00e8s \u00e9lev\u00e9e. Faites attention lorsque vous descendez de nos v\u00e9hicules.<\/li>\n\n\n\n<li>Toute plainte doit \u00eatre nous envoy\u00e9e par e-mail pendant votre s\u00e9jour en Islande. Les plaintes envoy\u00e9es apr\u00e8s votre d\u00e9part ou sous d\u2019autres formes ne sont pas accept\u00e9es. Tout litige l\u00e9gal doit \u00eatre soumis uniquement \u00e1 la juridiction des tribunaux islandais comp\u00e9tents.<\/li>\n<\/ol>\n","protected":false},"excerpt":{"rendered":"","protected":false},"author":1,"featured_media":0,"parent":0,"menu_order":0,"comment_status":"closed","ping_status":"closed","template":"page-blank-container.php","meta":{"_acf_changed":false,"footnotes":""},"class_list":["post-3960","page","type-page","status-publish","hentry"],"acf":[],"yoast_head":"<!-- This site is optimized with the Yoast SEO plugin v27.4 - https:\/\/yoast.com\/product\/yoast-seo-wordpress\/ -->\n<title>Conditions de r\u00e9servation - Iceland Golden Circle Tours<\/title>\n<meta name=\"robots\" content=\"index, follow, max-snippet:-1, max-image-preview:large, max-video-preview:-1\" \/>\n<link rel=\"canonical\" href=\"https:\/\/icelandgoldencircletours.com\/fr\/conditions-de-reservation\/\" \/>\n<meta property=\"og:locale\" content=\"fr_FR\" \/>\n<meta property=\"og:type\" content=\"article\" \/>\n<meta property=\"og:title\" content=\"Conditions de r\u00e9servation - Iceland Golden Circle Tours\" \/>\n<meta property=\"og:url\" content=\"https:\/\/icelandgoldencircletours.com\/fr\/conditions-de-reservation\/\" \/>\n<meta property=\"og:site_name\" content=\"Iceland Golden Circle Tours\" \/>\n<meta property=\"article:modified_time\" content=\"2023-12-11T09:43:43+00:00\" \/>\n<meta name=\"twitter:card\" content=\"summary_large_image\" \/>\n<meta name=\"twitter:label1\" content=\"Dur\u00e9e de lecture estim\u00e9e\" \/>\n\t<meta name=\"twitter:data1\" content=\"3 minutes\" \/>\n<script type=\"application\/ld+json\" class=\"yoast-schema-graph\">{\"@context\":\"https:\\\/\\\/schema.org\",\"@graph\":[{\"@type\":\"WebPage\",\"@id\":\"https:\\\/\\\/icelandgoldencircletours.com\\\/fr\\\/conditions-de-reservation\\\/\",\"url\":\"https:\\\/\\\/icelandgoldencircletours.com\\\/fr\\\/conditions-de-reservation\\\/\",\"name\":\"Conditions de r\u00e9servation - Iceland Golden Circle Tours\",\"isPartOf\":{\"@id\":\"https:\\\/\\\/icelandgoldencircletours.com\\\/fr\\\/#website\"},\"datePublished\":\"2019-11-12T16:14:13+00:00\",\"dateModified\":\"2023-12-11T09:43:43+00:00\",\"breadcrumb\":{\"@id\":\"https:\\\/\\\/icelandgoldencircletours.com\\\/fr\\\/conditions-de-reservation\\\/#breadcrumb\"},\"inLanguage\":\"fr-FR\",\"potentialAction\":[{\"@type\":\"ReadAction\",\"target\":[\"https:\\\/\\\/icelandgoldencircletours.com\\\/fr\\\/conditions-de-reservation\\\/\"]}]},{\"@type\":\"BreadcrumbList\",\"@id\":\"https:\\\/\\\/icelandgoldencircletours.com\\\/fr\\\/conditions-de-reservation\\\/#breadcrumb\",\"itemListElement\":[{\"@type\":\"ListItem\",\"position\":1,\"name\":\"Home\",\"item\":\"https:\\\/\\\/icelandgoldencircletours.com\\\/fr\\\/\"},{\"@type\":\"ListItem\",\"position\":2,\"name\":\"Conditions de r\u00e9servation\"}]},{\"@type\":\"WebSite\",\"@id\":\"https:\\\/\\\/icelandgoldencircletours.com\\\/fr\\\/#website\",\"url\":\"https:\\\/\\\/icelandgoldencircletours.com\\\/fr\\\/\",\"name\":\"Iceland Golden Circle Tours\",\"description\":\"\",\"publisher\":{\"@id\":\"https:\\\/\\\/icelandgoldencircletours.com\\\/fr\\\/#organization\"},\"potentialAction\":[{\"@type\":\"SearchAction\",\"target\":{\"@type\":\"EntryPoint\",\"urlTemplate\":\"https:\\\/\\\/icelandgoldencircletours.com\\\/fr\\\/?s={search_term_string}\"},\"query-input\":{\"@type\":\"PropertyValueSpecification\",\"valueRequired\":true,\"valueName\":\"search_term_string\"}}],\"inLanguage\":\"fr-FR\"},{\"@type\":\"Organization\",\"@id\":\"https:\\\/\\\/icelandgoldencircletours.com\\\/fr\\\/#organization\",\"name\":\"Iceland Golden Circle Tours\",\"url\":\"https:\\\/\\\/icelandgoldencircletours.com\\\/fr\\\/\",\"logo\":{\"@type\":\"ImageObject\",\"inLanguage\":\"fr-FR\",\"@id\":\"https:\\\/\\\/icelandgoldencircletours.com\\\/fr\\\/#\\\/schema\\\/logo\\\/image\\\/\",\"url\":\"https:\\\/\\\/icelandgoldencircletours.com\\\/wp-content\\\/uploads\\\/2020\\\/05\\\/Logo.png\",\"contentUrl\":\"https:\\\/\\\/icelandgoldencircletours.com\\\/wp-content\\\/uploads\\\/2020\\\/05\\\/Logo.png\",\"width\":933,\"height\":844,\"caption\":\"Iceland Golden Circle Tours\"},\"image\":{\"@id\":\"https:\\\/\\\/icelandgoldencircletours.com\\\/fr\\\/#\\\/schema\\\/logo\\\/image\\\/\"}}]}<\/script>\n<!-- \/ Yoast SEO plugin. -->","yoast_head_json":{"title":"Conditions de r\u00e9servation - Iceland Golden Circle Tours","robots":{"index":"index","follow":"follow","max-snippet":"max-snippet:-1","max-image-preview":"max-image-preview:large","max-video-preview":"max-video-preview:-1"},"canonical":"https:\/\/icelandgoldencircletours.com\/fr\/conditions-de-reservation\/","og_locale":"fr_FR","og_type":"article","og_title":"Conditions de r\u00e9servation - Iceland Golden Circle Tours","og_url":"https:\/\/icelandgoldencircletours.com\/fr\/conditions-de-reservation\/","og_site_name":"Iceland Golden Circle Tours","article_modified_time":"2023-12-11T09:43:43+00:00","twitter_card":"summary_large_image","twitter_misc":{"Dur\u00e9e de lecture estim\u00e9e":"3 minutes"},"schema":{"@context":"https:\/\/schema.org","@graph":[{"@type":"WebPage","@id":"https:\/\/icelandgoldencircletours.com\/fr\/conditions-de-reservation\/","url":"https:\/\/icelandgoldencircletours.com\/fr\/conditions-de-reservation\/","name":"Conditions de r\u00e9servation - Iceland Golden Circle Tours","isPartOf":{"@id":"https:\/\/icelandgoldencircletours.com\/fr\/#website"},"datePublished":"2019-11-12T16:14:13+00:00","dateModified":"2023-12-11T09:43:43+00:00","breadcrumb":{"@id":"https:\/\/icelandgoldencircletours.com\/fr\/conditions-de-reservation\/#breadcrumb"},"inLanguage":"fr-FR","potentialAction":[{"@type":"ReadAction","target":["https:\/\/icelandgoldencircletours.com\/fr\/conditions-de-reservation\/"]}]},{"@type":"BreadcrumbList","@id":"https:\/\/icelandgoldencircletours.com\/fr\/conditions-de-reservation\/#breadcrumb","itemListElement":[{"@type":"ListItem","position":1,"name":"Home","item":"https:\/\/icelandgoldencircletours.com\/fr\/"},{"@type":"ListItem","position":2,"name":"Conditions de r\u00e9servation"}]},{"@type":"WebSite","@id":"https:\/\/icelandgoldencircletours.com\/fr\/#website","url":"https:\/\/icelandgoldencircletours.com\/fr\/","name":"Iceland Golden Circle Tours","description":"","publisher":{"@id":"https:\/\/icelandgoldencircletours.com\/fr\/#organization"},"potentialAction":[{"@type":"SearchAction","target":{"@type":"EntryPoint","urlTemplate":"https:\/\/icelandgoldencircletours.com\/fr\/?s={search_term_string}"},"query-input":{"@type":"PropertyValueSpecification","valueRequired":true,"valueName":"search_term_string"}}],"inLanguage":"fr-FR"},{"@type":"Organization","@id":"https:\/\/icelandgoldencircletours.com\/fr\/#organization","name":"Iceland Golden Circle Tours","url":"https:\/\/icelandgoldencircletours.com\/fr\/","logo":{"@type":"ImageObject","inLanguage":"fr-FR","@id":"https:\/\/icelandgoldencircletours.com\/fr\/#\/schema\/logo\/image\/","url":"https:\/\/icelandgoldencircletours.com\/wp-content\/uploads\/2020\/05\/Logo.png","contentUrl":"https:\/\/icelandgoldencircletours.com\/wp-content\/uploads\/2020\/05\/Logo.png","width":933,"height":844,"caption":"Iceland Golden Circle Tours"},"image":{"@id":"https:\/\/icelandgoldencircletours.com\/fr\/#\/schema\/logo\/image\/"}}]}},"_links":{"self":[{"href":"https:\/\/icelandgoldencircletours.com\/fr\/wp-json\/wp\/v2\/pages\/3960","targetHints":{"allow":["GET"]}}],"collection":[{"href":"https:\/\/icelandgoldencircletours.com\/fr\/wp-json\/wp\/v2\/pages"}],"about":[{"href":"https:\/\/icelandgoldencircletours.com\/fr\/wp-json\/wp\/v2\/types\/page"}],"author":[{"embeddable":true,"href":"https:\/\/icelandgoldencircletours.com\/fr\/wp-json\/wp\/v2\/users\/1"}],"replies":[{"embeddable":true,"href":"https:\/\/icelandgoldencircletours.com\/fr\/wp-json\/wp\/v2\/comments?post=3960"}],"version-history":[{"count":5,"href":"https:\/\/icelandgoldencircletours.com\/fr\/wp-json\/wp\/v2\/pages\/3960\/revisions"}],"predecessor-version":[{"id":4054,"href":"https:\/\/icelandgoldencircletours.com\/fr\/wp-json\/wp\/v2\/pages\/3960\/revisions\/4054"}],"wp:attachment":[{"href":"https:\/\/icelandgoldencircletours.com\/fr\/wp-json\/wp\/v2\/media?parent=3960"}],"curies":[{"name":"wp","href":"https:\/\/api.w.org\/{rel}","templated":true}]}}